{"id":177,"date":"2023-12-04T16:37:16","date_gmt":"2023-12-04T16:37:16","guid":{"rendered":"https:\/\/agathevidal.com\/?page_id=177"},"modified":"2025-09-18T09:25:07","modified_gmt":"2025-09-18T09:25:07","slug":"a-propos","status":"publish","type":"page","link":"https:\/\/agathevidal.fr\/?page_id=177","title":{"rendered":"A propos de l&rsquo;engagement"},"content":{"rendered":"\n<figure class=\"wp-block-image size-full is-resized\"><a href=\"https:\/\/philosophieaction.com\"><img loading=\"lazy\" decoding=\"async\" width=\"388\" height=\"130\" src=\"http:\/\/agathevidal.com\/wp-content\/uploads\/2023\/12\/velo.jpg\" alt=\"\" class=\"wp-image-197\" style=\"width:689px;height:auto\" srcset=\"https:\/\/agathevidal.fr\/wp-content\/uploads\/2023\/12\/velo.jpg 388w, https:\/\/agathevidal.fr\/wp-content\/uploads\/2023\/12\/velo-300x101.jpg 300w\" sizes=\"auto, (max-width: 388px) 100vw, 388px\" \/><\/a><\/figure>\n\n\n\n<p class=\"has-text-align-center\">&nbsp;Qu\u2019est-ce qu\u2019une vie sans philosophie&nbsp;?&nbsp;<\/p>\n\n\n\n<p class=\"has-text-align-center\">Une vie, sans r\u00e9flexion, sans retour sur soi-m\u00eame ni compr\u00e9hension du monde qui nous entoure est-elle possible&nbsp;? <\/p>\n\n\n\n<p class=\"has-text-align-center\">Du grec philo (ami) et Sophia (sagesse), la philosophie est non seulement l\u2019amour de la sagesse mais \u00e9galement comme le disait Pythagore la m\u00e8re de toute les sciences.<\/p>\n\n\n\n<p class=\"has-text-align-center\"> En tant qu\u2019animal pensant, l\u2019homme a besoin de s\u2019interroger sur lui-m\u00eame et le monde qui l\u2019entoure, afin d\u2019appr\u00e9hender la vie et de lui donner un sens (c\u2019est d\u2019ailleurs ce qui le distingue de&nbsp; l\u2019animal, c\u2019est ce qui confirme le fait que la philosophie est pr\u00e9sente en chacun d\u2019entre nous<\/p>\n\n\n\n<p class=\"has-text-align-center\"><strong>S\u2019interroger, oui, mais pourquoi&nbsp;? <\/strong><\/p>\n\n\n\n<p class=\"has-text-align-center\"><strong>Comment&nbsp;?<\/strong><\/p>\n\n\n\n<figure class=\"wp-block-image size-full is-resized\"><img loading=\"lazy\" decoding=\"async\" width=\"491\" height=\"401\" src=\"http:\/\/agathevidal.com\/wp-content\/uploads\/2023\/12\/Emmanuel-Kant-et-ses-invites-Wikimedia-Commons.gif\" alt=\"\" class=\"wp-image-184\" style=\"width:667px;height:auto\"\/><\/figure>\n\n\n\n<p class=\"has-text-align-center\">La qu\u00eate du bonheur, du bien\u00eatre et de l\u2019\u00e9panouissement est au c\u0153ur du&nbsp; mode de vie grec, le perfectionnement et la qu\u00eate de L\u2019eudaimonia sont des objectifs centraux dans l\u2019antiquit\u00e9. <\/p>\n\n\n\n<p class=\"has-text-align-center\">Toutes les \u00e9coles le jardin d\u2019Epicure, le gymnase de Platon, le Lyc\u00e9e d\u2019Aristote ou encore les sto\u00efciens. <\/p>\n\n\n\n<p class=\"has-text-align-center\">De plus, en regardant l\u2019histoire, on s\u2019aper\u00e7oit que tous les courants philosophique ont leurs propres perception du chemin qui m\u00e8ne \u00e0 cet id\u00e9al, mais une chose est sure, c\u2019est en communaut\u00e9 et par le dialogue que chacun se perfectionne.<\/p>\n\n\n\n<p class=\"has-text-align-center\"> C\u2019est un double mouvement, \u00e0 la fois tourn\u00e9 vers la r\u00e9flexion int\u00e9rieure et par un par un partage de connaissance.<\/p>\n\n\n\n<p class=\"has-text-align-center\"><strong>Comment dans notre vie de tous les jours?<\/strong><\/p>\n\n\n\n<figure class=\"wp-block-image size-full is-resized\"><a href=\"https:\/\/agathevidal.com\/concept\/\"><img loading=\"lazy\" decoding=\"async\" width=\"350\" height=\"249\" src=\"http:\/\/agathevidal.com\/wp-content\/uploads\/2023\/12\/ALEXANDRE-LE-GRAND-ET-DIOGENE-1.jpg\" alt=\"\" class=\"wp-image-181\" style=\"width:598px;height:auto\" srcset=\"https:\/\/agathevidal.fr\/wp-content\/uploads\/2023\/12\/ALEXANDRE-LE-GRAND-ET-DIOGENE-1.jpg 350w, https:\/\/agathevidal.fr\/wp-content\/uploads\/2023\/12\/ALEXANDRE-LE-GRAND-ET-DIOGENE-1-300x213.jpg 300w\" sizes=\"auto, (max-width: 350px) 100vw, 350px\" \/><\/a><\/figure>\n\n\n\n<p class=\"has-text-align-center\">C\u2019est \u00e9galement tirer parti de notre v\u00e9cu, comme les grecs qui se demandaient&nbsp;: \u00ab comment saisir la r\u00e9alit\u00e9 ? \u00bb <\/p>\n\n\n\n<p class=\"has-text-align-center\">Nous avons encore plus besoin, de comprendre, l\u2019\u00e9volution de la soci\u00e9t\u00e9 mais aussi les illusions, et les projections qui en d\u00e9coulent.<\/p>\n\n\n\n<p class=\"has-text-align-center\">La qu\u00eate de la v\u00e9rit\u00e9, se trouve aujourd\u2019hui plus que n\u00e9cessaire afin de parvenir \u00e0 la r\u00e9alisation de nos objectifs. <\/p>\n\n\n\n<p class=\"has-text-align-center\">En effet l\u2019\u00e9panouissement est-il possible dans l\u2019ignorance&nbsp;? <\/p>\n\n\n\n<p class=\"has-text-align-center\">Platon distinguait les sophistes des philosophes, c\u2019est aujourd\u2019hui, ce que l\u2019on pourrait nommer \u00e0 titre collectif la manipulation des masse ou le simple de se mentir \u00e0 soi-m\u00eame afin de ne pas accepter une situation donn\u00e9e, dans ces condition le bien \u00eatre est-il possible&nbsp;?<\/p>\n\n\n\n<p class=\"has-text-align-center\">Certes, cela peut soulager, de se confondre dans l\u2019illusion&nbsp; mais comment parvenir \u00e0 ses objectifs, en usant de faux de paradigmes&nbsp;? <\/p>\n\n\n\n<p class=\"has-text-align-center\">A l\u2019\u00e9poque, nous pouvions&nbsp; discuter avec notre ma\u00eetre, entre disciples o\u00f9 \u00e0 l\u2019Agora, aujourd\u2019hui Philo ans life, c\u2019est la philosophie au c\u0153ur et pour la vie. <\/p>\n\n\n\n<p class=\"has-text-align-center\">C\u2019est ainsi pr\u00e9server et entretenir le thaumazein (l\u2019\u00e9tonnement) et sa capacit\u00e9 d\u2019\u00e9merveillement philosophique, face la vie et&nbsp; dans chaque nouvelles interrogations, afin de toujours avoir d nouvelles perspectives de r\u00e9ponse et de solutions&nbsp;: Mieux questionner et mieux<\/p>\n\n\n\n<p class=\"has-text-align-center\">&#8230;&#8230;&#8230;.<\/p>\n\n\n<ul class=\"wp-block-page-list\"><li class=\"wp-block-pages-list__item\"><a class=\"wp-block-pages-list__item__link\" href=\"https:\/\/agathevidal.fr\/?page_id=2\">Blog \/ Journal<\/a><\/li><li class=\"wp-block-pages-list__item\"><a class=\"wp-block-pages-list__item__link\" href=\"https:\/\/agathevidal.fr\/?page_id=8\">Services<\/a><\/li><\/ul>\n\n\n<p><\/p>\n","protected":false},"excerpt":{"rendered":"<p>&nbsp;Qu\u2019est-ce qu\u2019une vie sans philosophie&nbsp;?&nbsp; Une vie, sans r\u00e9flexion, sans retour sur soi-m\u00eame ni compr\u00e9hension du monde qui nous entoure est-elle possible&nbsp;? Du grec philo (ami) et Sophia (sagesse), la philosophie est non seulement l\u2019amour de la sagesse mais \u00e9galement comme le disait Pythagore la m\u00e8re de toute les sciences. En tant qu\u2019animal pensant, l\u2019homme [&hellip;]<\/p>\n","protected":false},"author":1,"featured_media":0,"parent":170,"menu_order":1,"comment_status":"closed","ping_status":"closed","template":"","meta":{"footnotes":""},"class_list":["post-177","page","type-page","status-publish","hentry"],"aioseo_notices":[],"_links":{"self":[{"href":"https:\/\/agathevidal.fr\/index.php?rest_route=\/wp\/v2\/pages\/177","targetHints":{"allow":["GET"]}}],"collection":[{"href":"https:\/\/agathevidal.fr\/index.php?rest_route=\/wp\/v2\/pages"}],"about":[{"href":"https:\/\/agathevidal.fr\/index.php?rest_route=\/wp\/v2\/types\/page"}],"author":[{"embeddable":true,"href":"https:\/\/agathevidal.fr\/index.php?rest_route=\/wp\/v2\/users\/1"}],"replies":[{"embeddable":true,"href":"https:\/\/agathevidal.fr\/index.php?rest_route=%2Fwp%2Fv2%2Fcomments&post=177"}],"version-history":[{"count":6,"href":"https:\/\/agathevidal.fr\/index.php?rest_route=\/wp\/v2\/pages\/177\/revisions"}],"predecessor-version":[{"id":377,"href":"https:\/\/agathevidal.fr\/index.php?rest_route=\/wp\/v2\/pages\/177\/revisions\/377"}],"up":[{"embeddable":true,"href":"https:\/\/agathevidal.fr\/index.php?rest_route=\/wp\/v2\/pages\/170"}],"wp:attachment":[{"href":"https:\/\/agathevidal.fr\/index.php?rest_route=%2Fwp%2Fv2%2Fmedia&parent=177"}],"curies":[{"name":"wp","href":"https:\/\/api.w.org\/{rel}","templated":true}]}}