{"id":132,"date":"2023-02-21T11:57:36","date_gmt":"2023-02-21T11:57:36","guid":{"rendered":"https:\/\/agathevidal.com\/?page_id=132"},"modified":"2025-10-22T16:56:32","modified_gmt":"2025-10-22T16:56:32","slug":"home","status":"publish","type":"page","link":"https:\/\/agathevidal.fr\/","title":{"rendered":"Agathe, du grec Agathos (le bien) Vidal, du latin Vitalis (vital)"},"content":{"rendered":"\n<p>La philosophie et l&rsquo;\u00e9thique pour tous!<\/p>\n\n\n\n<figure class=\"wp-block-image size-large\"><a href=\"https:\/\/philosophieaction.com\"><img loading=\"lazy\" decoding=\"async\" width=\"768\" height=\"1024\" src=\"http:\/\/agathevidal.com\/wp-content\/uploads\/2022\/09\/IMG_0733-768x1024.jpg\" alt=\"\" class=\"wp-image-55\" srcset=\"https:\/\/agathevidal.fr\/wp-content\/uploads\/2022\/09\/IMG_0733-768x1024.jpg 768w, https:\/\/agathevidal.fr\/wp-content\/uploads\/2022\/09\/IMG_0733-225x300.jpg 225w, https:\/\/agathevidal.fr\/wp-content\/uploads\/2022\/09\/IMG_0733-1152x1536.jpg 1152w, https:\/\/agathevidal.fr\/wp-content\/uploads\/2022\/09\/IMG_0733.jpg 1536w\" sizes=\"auto, (max-width: 768px) 100vw, 768px\" \/><\/a><\/figure>\n\n\n\n<p>Philosophe et &nbsp;chercheuse de formation, j\u2019ai commenc\u00e9 \u00e0 d\u00e9velopper mon approche de la relation d\u2019aide, dans des activit\u00e9s b\u00e9n\u00e9voles, puis en tant qu\u2019aide m\u00e9dico-psychologique, mais \u00e9galement en tant qu\u2019enseignante et auteur.<\/p>\n\n\n\n<p>La question du bien-\u00eatre de l\u2019\u00e9panouissement peut t\u2019elle se poser sans avoir pris en compte notre capacit\u00e9 \u00e0 penser et \u00e0 d\u00e9velopper&nbsp;notre pouvoir d\u2019agir&nbsp;?<\/p>\n\n\n\n<p>\u00ab&nbsp;<em>Chacun de nous poss\u00e8de en lui les ressources n\u00e9cessaire \u00e0 son \u00e9panouissement et la cl\u00e9 se situe dans la r\u00e9alisation de son potentiel&nbsp;<\/em>\u00bb.<\/p>\n\n\n\n<p>La philosophie est \u00e0 la fois pr\u00e9sente dans la vie de chacun d\u2019entre nous, mais semble  r\u00e9serv\u00e9e a une minorit\u00e9. <\/p>\n\n\n\n<p>La vocation de ce site est , de donner \u00e0 chacun la possibilit\u00e9 d\u2019exploiter ses propres ressources et ainsi de mieux se conna\u00eetre et se comprendre. <\/p>\n\n\n\n<p>Il souhaite faire part de <strong><em> <\/em><\/strong>t\u00e9moignages authentiques de dirigeants sur la dimension \u00e9motionnelle et passionnelle de leur r\u00f4le.<\/p>\n\n\n\n<p> Comprendre comment \u00ab\u00a0l&rsquo;amour\u00a0\u00bb de leur m\u00e9tier, de leur entreprise et de leurs \u00e9quipes influence leur vision, leurs d\u00e9cisions et leur succ\u00e8s.<\/p>\n\n\n\n<p>Si cela vous int\u00e9resse, n&rsquo;h\u00e9sitez pas \u00e0 m&rsquo;envoyer un message avec pour titre : \u00ab\u00a0Diriger avec le coeur : quand l&rsquo;amour du m\u00e9tier transforme le leadership.\u00a0\u00bb<\/p>\n\n\n\n<figure class=\"wp-block-image size-full is-resized\"><a href=\"https:\/\/www.facebook.com\/InstitutCogito\/\"><img loading=\"lazy\" decoding=\"async\" width=\"294\" height=\"207\" src=\"http:\/\/agathevidal.com\/wp-content\/uploads\/2025\/03\/facebook_like_us.png\" alt=\"\" class=\"wp-image-284\" style=\"width:599px;height:auto\"\/><\/a><\/figure>\n\n\n\n<figure class=\"wp-block-gallery has-nested-images columns-default is-cropped wp-block-gallery-1 is-layout-flex wp-block-gallery-is-layout-flex\"><\/figure>\n\n\n<div class=\"is-default-size wp-block-site-logo\"><a href=\"https:\/\/agathevidal.fr\/\" class=\"custom-logo-link\" rel=\"home\"><img loading=\"lazy\" decoding=\"async\" width=\"500\" height=\"100\" src=\"https:\/\/agathevidal.fr\/wp-content\/uploads\/2022\/12\/agathe-test-logo.png\" class=\"custom-logo\" alt=\"Agathe Vidal\" srcset=\"https:\/\/agathevidal.fr\/wp-content\/uploads\/2022\/12\/agathe-test-logo.png 500w, https:\/\/agathevidal.fr\/wp-content\/uploads\/2022\/12\/agathe-test-logo-300x60.png 300w\" sizes=\"auto, (max-width: 500px) 100vw, 500px\" \/><\/a><\/div>\n\n<style id=\"wpforms-css-vars-101-block-c5f21b45-c0dc-44cc-ad81-20043e572856\">\n\t\t\t\t#wpforms-101.wpforms-block-c5f21b45-c0dc-44cc-ad81-20043e572856 {\n\t\t\t\t--wpforms-field-size-input-height: 43px;\n--wpforms-field-size-input-spacing: 15px;\n--wpforms-field-size-font-size: 16px;\n--wpforms-field-size-line-height: 19px;\n--wpforms-field-size-padding-h: 14px;\n--wpforms-field-size-checkbox-size: 16px;\n--wpforms-field-size-sublabel-spacing: 5px;\n--wpforms-field-size-icon-size: 1;\n--wpforms-label-size-font-size: 16px;\n--wpforms-label-size-line-height: 19px;\n--wpforms-label-size-sublabel-font-size: 14px;\n--wpforms-label-size-sublabel-line-height: 17px;\n--wpforms-button-size-font-size: 17px;\n--wpforms-button-size-height: 41px;\n--wpforms-button-size-padding-h: 15px;\n--wpforms-button-size-margin-top: 10px;\n\t\t\t}\n\t\t\t<\/style><div class=\"wpforms-container wpforms-container-full wpforms-block wpforms-block-c5f21b45-c0dc-44cc-ad81-20043e572856 wpforms-render-modern\" id=\"wpforms-101\"><form id=\"wpforms-form-101\" class=\"wpforms-validate wpforms-form wpforms-ajax-form\" data-formid=\"101\" method=\"post\" enctype=\"multipart\/form-data\" action=\"\/index.php?rest_route=%2Fwp%2Fv2%2Fpages%2F132\" data-token=\"ffd2d174f118f53d07b842c92f9828b8\" data-token-time=\"1777462889\"><noscript class=\"wpforms-error-noscript\">Veuillez activer JavaScript dans votre navigateur pour remplir ce formulaire.<\/noscript><div id=\"wpforms-error-noscript\" style=\"display: none;\">Veuillez activer JavaScript dans votre navigateur pour remplir ce formulaire.<\/div><div class=\"wpforms-field-container\"><div id=\"wpforms-101-field_0-container\" class=\"wpforms-field wpforms-field-name\" data-field-id=\"0\"><fieldset><legend class=\"wpforms-field-label\">Name <span class=\"wpforms-required-label\" aria-hidden=\"true\">*<\/span><\/legend><div class=\"wpforms-field-row wpforms-field-medium\"><div class=\"wpforms-field-row-block wpforms-first wpforms-one-half\"><input type=\"text\" id=\"wpforms-101-field_0\" class=\"wpforms-field-name-first wpforms-field-required\" name=\"wpforms[fields][0][first]\" aria-errormessage=\"wpforms-101-field_0-error\" required><label for=\"wpforms-101-field_0\" class=\"wpforms-field-sublabel after\">Pr\u00e9nom<\/label><\/div><div class=\"wpforms-field-row-block wpforms-one-half\"><input type=\"text\" id=\"wpforms-101-field_0-last\" class=\"wpforms-field-name-last wpforms-field-required\" name=\"wpforms[fields][0][last]\" aria-errormessage=\"wpforms-101-field_0-last-error\" required><label for=\"wpforms-101-field_0-last\" class=\"wpforms-field-sublabel after\">Nom<\/label><\/div><\/div><\/fieldset><\/div><div id=\"wpforms-101-field_1-container\" class=\"wpforms-field wpforms-field-email\" data-field-id=\"1\"><label class=\"wpforms-field-label\" for=\"wpforms-101-field_1\">Email <span class=\"wpforms-required-label\" aria-hidden=\"true\">*<\/span><\/label><input type=\"email\" id=\"wpforms-101-field_1\" class=\"wpforms-field-medium wpforms-field-required\" name=\"wpforms[fields][1]\" spellcheck=\"false\" aria-errormessage=\"wpforms-101-field_1-error\" required><\/div><div id=\"wpforms-101-field_2-container\" class=\"wpforms-field wpforms-field-textarea\" data-field-id=\"2\"><label class=\"wpforms-field-label\" for=\"wpforms-101-field_2\">Comment or Message<\/label><textarea id=\"wpforms-101-field_2\" class=\"wpforms-field-medium\" name=\"wpforms[fields][2]\" aria-errormessage=\"wpforms-101-field_2-error\" ><\/textarea><\/div><\/div><!-- .wpforms-field-container --><div class=\"wpforms-recaptcha-container wpforms-is-recaptcha wpforms-is-recaptcha-type-v3\" ><input type=\"hidden\" name=\"wpforms[recaptcha]\" value=\"\"><\/div><div class=\"wpforms-submit-container\" ><input type=\"hidden\" name=\"wpforms[id]\" value=\"101\"><input type=\"hidden\" name=\"page_title\" value=\"\"><input type=\"hidden\" name=\"page_url\" value=\"https:\/\/agathevidal.fr\/index.php?rest_route=\/wp\/v2\/pages\/132\"><input type=\"hidden\" name=\"url_referer\" value=\"\"><button type=\"submit\" name=\"wpforms[submit]\" id=\"wpforms-submit-101\" class=\"wpforms-submit\" data-alt-text=\"Sending...\" data-submit-text=\"Submit\" aria-live=\"assertive\" value=\"wpforms-submit\">Submit<\/button><img loading=\"lazy\" decoding=\"async\" src=\"https:\/\/agathevidal.fr\/wp-content\/plugins\/wpforms-lite\/assets\/images\/submit-spin.svg\" class=\"wpforms-submit-spinner\" style=\"display: none;\" width=\"26\" height=\"26\" alt=\"Chargement en cours\"><\/div><\/form><\/div>  <!-- .wpforms-container -->","protected":false},"excerpt":{"rendered":"<p>La philosophie et l&rsquo;\u00e9thique pour tous! Philosophe et &nbsp;chercheuse de formation, j\u2019ai commenc\u00e9 \u00e0 d\u00e9velopper mon approche de la relation d\u2019aide, dans des activit\u00e9s b\u00e9n\u00e9voles, puis en tant qu\u2019aide m\u00e9dico-psychologique, mais \u00e9galement en tant qu\u2019enseignante et auteur. La question du bien-\u00eatre de l\u2019\u00e9panouissement peut t\u2019elle se poser sans avoir pris en compte notre capacit\u00e9 \u00e0 [&hellip;]<\/p>\n","protected":false},"author":1,"featured_media":0,"parent":177,"menu_order":1,"comment_status":"closed","ping_status":"closed","template":"","meta":{"footnotes":""},"class_list":["post-132","page","type-page","status-publish","hentry"],"aioseo_notices":[],"_links":{"self":[{"href":"https:\/\/agathevidal.fr\/index.php?rest_route=\/wp\/v2\/pages\/132","targetHints":{"allow":["GET"]}}],"collection":[{"href":"https:\/\/agathevidal.fr\/index.php?rest_route=\/wp\/v2\/pages"}],"about":[{"href":"https:\/\/agathevidal.fr\/index.php?rest_route=\/wp\/v2\/types\/page"}],"author":[{"embeddable":true,"href":"https:\/\/agathevidal.fr\/index.php?rest_route=\/wp\/v2\/users\/1"}],"replies":[{"embeddable":true,"href":"https:\/\/agathevidal.fr\/index.php?rest_route=%2Fwp%2Fv2%2Fcomments&post=132"}],"version-history":[{"count":10,"href":"https:\/\/agathevidal.fr\/index.php?rest_route=\/wp\/v2\/pages\/132\/revisions"}],"predecessor-version":[{"id":383,"href":"https:\/\/agathevidal.fr\/index.php?rest_route=\/wp\/v2\/pages\/132\/revisions\/383"}],"up":[{"embeddable":true,"href":"https:\/\/agathevidal.fr\/index.php?rest_route=\/wp\/v2\/pages\/177"}],"wp:attachment":[{"href":"https:\/\/agathevidal.fr\/index.php?rest_route=%2Fwp%2Fv2%2Fmedia&parent=132"}],"curies":[{"name":"wp","href":"https:\/\/api.w.org\/{rel}","templated":true}]}}